
{"id":14,"date":"2019-04-11T15:13:38","date_gmt":"2019-04-11T15:13:38","guid":{"rendered":"http:\/\/proautopanama.com\/en\/?page_id=14"},"modified":"2019-04-11T18:04:35","modified_gmt":"2019-04-11T18:04:35","slug":"about-us","status":"publish","type":"page","link":"http:\/\/proautopanama.com\/en\/about-us\/","title":{"rendered":"[:en]ABOUT US[:es]QUIENES SOMOS[:]"},"content":{"rendered":"<p>[:en]<\/p>\n<p style=\"text-align: justify;\"><strong><img fetchpriority=\"high\" decoding=\"async\" class=\"alignnone wp-image-58 size-full\" src=\"http:\/\/proautopanama.com\/wp-content\/uploads\/2019\/04\/about_us.jpg\" alt=\"\" width=\"1296\" height=\"80\" srcset=\"https:\/\/proautopanama.com\/wp-content\/uploads\/2019\/04\/about_us.jpg 1296w, https:\/\/proautopanama.com\/wp-content\/uploads\/2019\/04\/about_us-300x19.jpg 300w, https:\/\/proautopanama.com\/wp-content\/uploads\/2019\/04\/about_us-768x47.jpg 768w, https:\/\/proautopanama.com\/wp-content\/uploads\/2019\/04\/about_us-1024x63.jpg 1024w, https:\/\/proautopanama.com\/wp-content\/uploads\/2019\/04\/about_us-262x16.jpg 262w\" sizes=\"(max-width: 1296px) 100vw, 1296px\" \/><\/strong><strong><img decoding=\"async\" class=\"alignright size-medium wp-image-49\" src=\"http:\/\/proautopanama.com\/wp-content\/uploads\/2019\/04\/Foto-ProAuto-viejo-300x225.jpg\" alt=\"\" width=\"300\" height=\"225\" srcset=\"https:\/\/proautopanama.com\/wp-content\/uploads\/2019\/04\/Foto-ProAuto-viejo-300x225.jpg 300w, https:\/\/proautopanama.com\/wp-content\/uploads\/2019\/04\/Foto-ProAuto-viejo-768x576.jpg 768w, https:\/\/proautopanama.com\/wp-content\/uploads\/2019\/04\/Foto-ProAuto-viejo.jpg 1024w, https:\/\/proautopanama.com\/wp-content\/uploads\/2019\/04\/Foto-ProAuto-viejo-216x162.jpg 216w\" sizes=\"(max-width: 300px) 100vw, 300px\" \/><\/strong><\/p>\n<p style=\"text-align: justify;\"><strong>Productos Automotrices S.A. (Pro-Auto s.a.) is a leading company founded in 1977 parts product of the great initiative of our founder Mr Saiping Garm with other partners, starting its work in the city of Colon, then open branches in the Via Simon Bolivar in the capital of Panama City. Initially started selling parts for all kinds of cars, especially the American, Japanese and European type. With the passing of time and with some changes, we decided to keep only the parts for American cars because we had a national reputation of being specialists in these autos.Innovamos also a bit in the area of \u200b\u200bbody espec\u00edficamene windshields, bringing Pilkington prestigious brand, which consists of worldwide renown, being the # 1 in the UK.Currently we offer large assortment of parts for American cars: electrical parts, suspension, brake, engine, filters; among other supplies, such as: oils and lubricants: besides also distribute your car windshield. We have qualified in any of our two branch staff.<\/strong><\/p>\n<p>[:es]<\/p>\n<p style=\"text-align: justify;\"><strong><img decoding=\"async\" class=\"alignnone wp-image-47 size-full\" src=\"http:\/\/proautopanama.com\/wp-content\/uploads\/2019\/04\/Encabezado_Quienes_Somos.jpg\" alt=\"\" width=\"1296\" height=\"80\" srcset=\"https:\/\/proautopanama.com\/wp-content\/uploads\/2019\/04\/Encabezado_Quienes_Somos.jpg 1296w, https:\/\/proautopanama.com\/wp-content\/uploads\/2019\/04\/Encabezado_Quienes_Somos-300x19.jpg 300w, https:\/\/proautopanama.com\/wp-content\/uploads\/2019\/04\/Encabezado_Quienes_Somos-768x47.jpg 768w, https:\/\/proautopanama.com\/wp-content\/uploads\/2019\/04\/Encabezado_Quienes_Somos-1024x63.jpg 1024w, https:\/\/proautopanama.com\/wp-content\/uploads\/2019\/04\/Encabezado_Quienes_Somos-262x16.jpg 262w\" sizes=\"(max-width: 1296px) 100vw, 1296px\" \/><\/strong><strong><img decoding=\"async\" class=\"alignright size-medium wp-image-49\" src=\"http:\/\/proautopanama.com\/wp-content\/uploads\/2019\/04\/Foto-ProAuto-viejo-300x225.jpg\" alt=\"\" width=\"300\" height=\"225\" srcset=\"https:\/\/proautopanama.com\/wp-content\/uploads\/2019\/04\/Foto-ProAuto-viejo-300x225.jpg 300w, https:\/\/proautopanama.com\/wp-content\/uploads\/2019\/04\/Foto-ProAuto-viejo-768x576.jpg 768w, https:\/\/proautopanama.com\/wp-content\/uploads\/2019\/04\/Foto-ProAuto-viejo.jpg 1024w, https:\/\/proautopanama.com\/wp-content\/uploads\/2019\/04\/Foto-ProAuto-viejo-216x162.jpg 216w\" sizes=\"(max-width: 300px) 100vw, 300px\" \/>Productos Automotrices S.A. (Pro-Auto s.a.) es una empresa l\u00edder de repuestos fundada en 1977 producto de la gran iniciati<\/strong><strong>va de nuestro fundador el Sr Saiping Garm junto con otros socios, iniciando sus labores en la ciudad de Col\u00f3n, para luego abrir sucursales en la V\u00eda Sim\u00f3n Bol\u00edvar, en la ciudad capital de <\/strong><strong>Panam\u00e1. Inicialmente comenzamos a vender repuestos para todo tipo de carros, especialmente los de tipo americanos, japoneses y europeos. Con el pasar de los a\u00f1os y con algunos cambios, decidimos mantenernos solamente en los repuestos para carros americanos, pues cont\u00e1bamos con fama a nivel nacional de ser especialistas en dichos autos.Innovamos tambi\u00e9n un poco en el \u00e1rea de carrocer\u00edas espec\u00edficamene en los PARABRISAS, trayendo la prestigiosa marca Pilkington, la cual consta de renombre a nivel mundial, siendo los #1 en el Reino Unido.<\/strong><\/p>\n<p style=\"text-align: justify;\"><strong>Hoy en d\u00eda vendemos gran surtido de piezas para su carros americanos: piezas el\u00e9ctricas, de suspensi\u00f3n, de freno, de motor, filtros; entre otros suministros como lo son: aceites y lubricantes: aparte de distribuir tambi\u00e9n parabrisas para su autom\u00f3vil. Contamos con un personal calificado en cualquiera de nuestras dos sucursales.<\/strong><\/p>\n<p style=\"text-align: justify;\">\n<p>[:]<\/p>","protected":false},"excerpt":{"rendered":"<p>[:en] Productos Automotrices S.A. (Pro-Auto s.a.) is a leading company founded in 1977 parts product of the great initiative of<\/p>\n<div class=\"read-button read_more_btn_text\"><a class=\"read_more\" href=\"http:\/\/proautopanama.com\/en\/about-us\/\">Read Now<span class=\"arrow_readm\"> &#x25BA;<\/span><\/a><\/div>","protected":false},"author":1,"featured_media":0,"parent":0,"menu_order":0,"comment_status":"closed","ping_status":"closed","template":"","meta":{"footnotes":""},"class_list":["post-14","page","type-page","status-publish","hentry"],"_links":{"self":[{"href":"http:\/\/proautopanama.com\/en\/wp-json\/wp\/v2\/pages\/14","targetHints":{"allow":["GET"]}}],"collection":[{"href":"http:\/\/proautopanama.com\/en\/wp-json\/wp\/v2\/pages"}],"about":[{"href":"http:\/\/proautopanama.com\/en\/wp-json\/wp\/v2\/types\/page"}],"author":[{"embeddable":true,"href":"http:\/\/proautopanama.com\/en\/wp-json\/wp\/v2\/users\/1"}],"replies":[{"embeddable":true,"href":"http:\/\/proautopanama.com\/en\/wp-json\/wp\/v2\/comments?post=14"}],"version-history":[{"count":7,"href":"http:\/\/proautopanama.com\/en\/wp-json\/wp\/v2\/pages\/14\/revisions"}],"predecessor-version":[{"id":1792,"href":"http:\/\/proautopanama.com\/en\/wp-json\/wp\/v2\/pages\/14\/revisions\/1792"}],"wp:attachment":[{"href":"http:\/\/proautopanama.com\/en\/wp-json\/wp\/v2\/media?parent=14"}],"curies":[{"name":"wp","href":"https:\/\/api.w.org\/{rel}","templated":true}]}}