
{"id":1495,"date":"2018-07-12T08:15:57","date_gmt":"2018-07-12T08:15:57","guid":{"rendered":"https:\/\/inkthemes.com\/demos\/spa\/?page_id=214"},"modified":"2022-03-13T12:58:13","modified_gmt":"2022-03-13T17:58:13","slug":"quienes-somos","status":"publish","type":"page","link":"https:\/\/proautopanama.com\/es_es\/quienes-somos\/","title":{"rendered":"Acerca de ProAuto"},"content":{"rendered":"\t\t<div data-elementor-type=\"wp-post\" data-elementor-id=\"1495\" class=\"elementor elementor-1495\">\n\t\t\t\t\t\t<section class=\"elementor-section elementor-top-section elementor-element elementor-element-53ba011b elementor-section-boxed elementor-section-height-default elementor-section-height-default\" data-id=\"53ba011b\" data-element_type=\"section\">\n\t\t\t\t\t\t<div class=\"elementor-container elementor-column-gap-default\">\n\t\t\t\t\t<div class=\"elementor-column elementor-col-100 elementor-top-column elementor-element elementor-element-4877b675\" data-id=\"4877b675\" data-element_type=\"column\">\n\t\t\t<div class=\"elementor-widget-wrap elementor-element-populated\">\n\t\t\t\t\t\t<div class=\"elementor-element elementor-element-588bb28 elementor-widget elementor-widget-text-editor\" data-id=\"588bb28\" data-element_type=\"widget\" data-widget_type=\"text-editor.default\">\n\t\t\t\t<div class=\"elementor-widget-container\">\n\t\t\t\t\t\t\t\t\t<h4>\u00a0<\/h4><h4>Qui\u00e9nes Somos<\/h4><h2>Acerca de ProAuto<\/h2><p><strong>Productos Automotrices S.A. (Pro-Auto S.A.) es una empresa l\u00edder de repuestos fundada en 1977 producto de la gran iniciati<\/strong><strong>va de nuestro fundador el Sr Saiping Garm junto con otros socios, iniciando sus labores en la ciudad de Col\u00f3n, para luego abrir sucursales en la ciudad de <\/strong><strong>Panam\u00e1. <\/strong><\/p><div id=\"attachment_191\" style=\"width: 600px\" class=\"wp-caption aligncenter\"><img fetchpriority=\"high\" decoding=\"async\" aria-describedby=\"caption-attachment-191\" class=\"wp-image-191 size-large\" src=\"https:\/\/proautopanama.com\/wp-content\/uploads\/2019\/04\/Quienes-somos-1024x598.jpg\" alt=\"Fachada original de ProAuto en sus inicios\" width=\"590\" height=\"345\" srcset=\"https:\/\/proautopanama.com\/wp-content\/uploads\/2019\/04\/Quienes-somos-1024x598.jpg 1024w, https:\/\/proautopanama.com\/wp-content\/uploads\/2019\/04\/Quienes-somos-300x175.jpg 300w, https:\/\/proautopanama.com\/wp-content\/uploads\/2019\/04\/Quienes-somos-768x448.jpg 768w, https:\/\/proautopanama.com\/wp-content\/uploads\/2019\/04\/Quienes-somos-262x153.jpg 262w, https:\/\/proautopanama.com\/wp-content\/uploads\/2019\/04\/Quienes-somos.jpg 1071w\" sizes=\"(max-width: 590px) 100vw, 590px\" \/><p id=\"caption-attachment-191\" class=\"wp-caption-text\">Fachada original de ProAuto en sus inicios<\/p><\/div><p>Inicialmente comenzamos a vender repuestos para todo tipo de carros, especialmente los de tipo americanos, japoneses y europeos. Con el pasar de los a\u00f1os y con algunos cambios, decidimos mantenernos solamente en los repuestos para carros americanos, pues cont\u00e1bamos con fama a nivel nacional de ser especialistas en dichos autos.<\/p><p><strong>Innovamos tambi\u00e9n en el \u00e1rea de carrocer\u00edas, <\/strong>espec\u00edficamente en los <em>PARABRISAS<\/em>, trayendo la prestigiosa marca <strong>Pilkington<\/strong>, la cual consta de renombre a nivel mundial siendo los #1 en el Reino Unido.<\/p><p><span style=\"color: var( --e-global-color-text ); font-family: var( --e-global-typography-text-font-family ), Sans-serif; font-weight: var( --e-global-typography-text-font-weight );\">Hoy en d\u00eda vendemos gran surtido de piezas para su carros americanos: piezas el\u00e9ctricas, de suspensi\u00f3n, de freno, de motor, filtros; entre otros suministros como aceites y lubricantes, adem\u00e1s de distribuir tambi\u00e9n parabrisas para su autom\u00f3vil.<\/span><\/p><h5>Contamos con un personal calificado, listo para responder sus preguntas y asistirle con su compra en cualquiera de nuestras dos sucursales. <a href=\"https:\/\/proautopanama.com\/contacto\/\">Escr\u00edbanos hoy mismo<\/a><\/h5><p><a href=\"http:\/\/proautopanama.com\/contacto\"><img decoding=\"async\" class=\"aligncenter wp-image-1837 size-full\" title=\"Todo el personal de ProAuto esta listo para ayudarte con tus piezas y parabrisas\" src=\"https:\/\/proautopanama.com\/wp-content\/uploads\/2022\/03\/personal-pro-auto.jpg\" alt=\"Todo el personal de ProAuto esta listo para ayudarte con tus piezas y parabrisas\" width=\"800\" height=\"686\" srcset=\"https:\/\/proautopanama.com\/wp-content\/uploads\/2022\/03\/personal-pro-auto.jpg 800w, https:\/\/proautopanama.com\/wp-content\/uploads\/2022\/03\/personal-pro-auto-300x257.jpg 300w, https:\/\/proautopanama.com\/wp-content\/uploads\/2022\/03\/personal-pro-auto-768x659.jpg 768w, https:\/\/proautopanama.com\/wp-content\/uploads\/2022\/03\/personal-pro-auto-189x162.jpg 189w\" sizes=\"(max-width: 800px) 100vw, 800px\" \/><\/a><\/p>\t\t\t\t\t\t\t\t<\/div>\n\t\t\t\t<\/div>\n\t\t\t\t\t<\/div>\n\t\t<\/div>\n\t\t\t\t\t<\/div>\n\t\t<\/section>\n\t\t\t\t<\/div>\n\t\t","protected":false},"excerpt":{"rendered":"<p>[:en] &nbsp; Qui\u00e9nes Somos Acerca de ProAuto Productos Automotrices S.A. (Pro-Auto S.A.) es una empresa l\u00edder de repuestos fundada en<\/p>\n<div class=\"read-button read_more_btn_text\"><a class=\"read_more\" href=\"https:\/\/proautopanama.com\/es_es\/quienes-somos\/\">Read Now<span class=\"arrow_readm\"> &#x25BA;<\/span><\/a><\/div>\n","protected":false},"author":1,"featured_media":0,"parent":0,"menu_order":0,"comment_status":"closed","ping_status":"closed","template":"elementor_header_footer","meta":{"footnotes":""},"class_list":["post-1495","page","type-page","status-publish","hentry"],"_links":{"self":[{"href":"https:\/\/proautopanama.com\/es_es\/wp-json\/wp\/v2\/pages\/1495","targetHints":{"allow":["GET"]}}],"collection":[{"href":"https:\/\/proautopanama.com\/es_es\/wp-json\/wp\/v2\/pages"}],"about":[{"href":"https:\/\/proautopanama.com\/es_es\/wp-json\/wp\/v2\/types\/page"}],"author":[{"embeddable":true,"href":"https:\/\/proautopanama.com\/es_es\/wp-json\/wp\/v2\/users\/1"}],"replies":[{"embeddable":true,"href":"https:\/\/proautopanama.com\/es_es\/wp-json\/wp\/v2\/comments?post=1495"}],"version-history":[{"count":45,"href":"https:\/\/proautopanama.com\/es_es\/wp-json\/wp\/v2\/pages\/1495\/revisions"}],"predecessor-version":[{"id":1880,"href":"https:\/\/proautopanama.com\/es_es\/wp-json\/wp\/v2\/pages\/1495\/revisions\/1880"}],"wp:attachment":[{"href":"https:\/\/proautopanama.com\/es_es\/wp-json\/wp\/v2\/media?parent=1495"}],"curies":[{"name":"wp","href":"https:\/\/api.w.org\/{rel}","templated":true}]}}