
{"id":572,"date":"2018-09-14T12:47:55","date_gmt":"2018-09-14T12:47:55","guid":{"rendered":"https:\/\/www.inkthemes.com\/demos\/auto-mechanic\/?page_id=572"},"modified":"2022-03-13T12:57:20","modified_gmt":"2022-03-13T17:57:20","slug":"productos","status":"publish","type":"page","link":"https:\/\/proautopanama.com\/es_es\/productos\/","title":{"rendered":"Productos"},"content":{"rendered":"\t\t<div data-elementor-type=\"wp-post\" data-elementor-id=\"572\" class=\"elementor elementor-572\">\n\t\t\t\t\t\t<section class=\"elementor-section elementor-top-section elementor-element elementor-element-6fab6600 elementor-section-content-middle elementor-section-stretched elementor-section-height-min-height elementor-section-boxed elementor-section-height-default elementor-section-items-middle\" data-id=\"6fab6600\" data-element_type=\"section\" data-settings=\"{&quot;background_background&quot;:&quot;classic&quot;,&quot;stretch_section&quot;:&quot;section-stretched&quot;}\">\n\t\t\t\t\t\t\t<div class=\"elementor-background-overlay\"><\/div>\n\t\t\t\t\t\t\t<div class=\"elementor-container elementor-column-gap-wide\">\n\t\t\t\t\t<div class=\"elementor-column elementor-col-100 elementor-top-column elementor-element elementor-element-4d6ec409\" data-id=\"4d6ec409\" data-element_type=\"column\">\n\t\t\t<div class=\"elementor-widget-wrap elementor-element-populated\">\n\t\t\t\t\t\t<div class=\"elementor-element elementor-element-20cf0d98 elementor-widget elementor-widget-heading\" data-id=\"20cf0d98\" data-element_type=\"widget\" data-widget_type=\"heading.default\">\n\t\t\t\t<div class=\"elementor-widget-container\">\n\t\t\t\t\t<h4 class=\"elementor-heading-title elementor-size-default\">Productos<\/h4>\t\t\t\t<\/div>\n\t\t\t\t<\/div>\n\t\t\t\t<div class=\"elementor-element elementor-element-579ed70b elementor-widget-divider--view-line elementor-widget elementor-widget-divider\" data-id=\"579ed70b\" data-element_type=\"widget\" data-widget_type=\"divider.default\">\n\t\t\t\t<div class=\"elementor-widget-container\">\n\t\t\t\t\t\t\t<div class=\"elementor-divider\">\n\t\t\t<span class=\"elementor-divider-separator\">\n\t\t\t\t\t\t<\/span>\n\t\t<\/div>\n\t\t\t\t\t\t<\/div>\n\t\t\t\t<\/div>\n\t\t\t\t\t<\/div>\n\t\t<\/div>\n\t\t\t\t\t<\/div>\n\t\t<\/section>\n\t\t\t\t<section class=\"elementor-section elementor-top-section elementor-element elementor-element-36824bc elementor-section-boxed elementor-section-height-default elementor-section-height-default\" data-id=\"36824bc\" data-element_type=\"section\">\n\t\t\t\t\t\t<div class=\"elementor-container elementor-column-gap-default\">\n\t\t\t\t\t<div class=\"elementor-column elementor-col-100 elementor-top-column elementor-element elementor-element-1b3bd76\" data-id=\"1b3bd76\" data-element_type=\"column\">\n\t\t\t<div class=\"elementor-widget-wrap elementor-element-populated\">\n\t\t\t\t\t\t<div class=\"elementor-element elementor-element-6ac5b5a elementor-widget elementor-widget-heading\" data-id=\"6ac5b5a\" data-element_type=\"widget\" data-widget_type=\"heading.default\">\n\t\t\t\t<div class=\"elementor-widget-container\">\n\t\t\t\t\t<h2 class=\"elementor-heading-title elementor-size-default\">En ProAuto contamos con un inventario extenso de piezas y repuestos para tu auto<\/h2>\t\t\t\t<\/div>\n\t\t\t\t<\/div>\n\t\t\t\t\t<\/div>\n\t\t<\/div>\n\t\t\t\t\t<\/div>\n\t\t<\/section>\n\t\t\t\t<section class=\"elementor-section elementor-top-section elementor-element elementor-element-3fda786d elementor-section-boxed elementor-section-height-default elementor-section-height-default\" data-id=\"3fda786d\" data-element_type=\"section\" data-settings=\"{&quot;background_background&quot;:&quot;classic&quot;}\">\n\t\t\t\t\t\t<div class=\"elementor-container elementor-column-gap-default\">\n\t\t\t\t\t<div class=\"elementor-column elementor-col-100 elementor-top-column elementor-element elementor-element-33efd44a\" data-id=\"33efd44a\" data-element_type=\"column\">\n\t\t\t<div class=\"elementor-widget-wrap elementor-element-populated\">\n\t\t\t\t\t\t<section class=\"elementor-section elementor-inner-section elementor-element elementor-element-696513ec elementor-section-content-top elementor-section-boxed elementor-section-height-default elementor-section-height-default\" data-id=\"696513ec\" data-element_type=\"section\">\n\t\t\t\t\t\t<div class=\"elementor-container elementor-column-gap-extended\">\n\t\t\t\t\t<div class=\"elementor-column elementor-col-33 elementor-inner-column elementor-element elementor-element-4bfa1548\" data-id=\"4bfa1548\" data-element_type=\"column\" data-settings=\"{&quot;background_background&quot;:&quot;classic&quot;}\">\n\t\t\t<div class=\"elementor-widget-wrap elementor-element-populated\">\n\t\t\t\t\t\t<div class=\"elementor-element elementor-element-7ae1d1c8 elementor-widget elementor-widget-image\" data-id=\"7ae1d1c8\" data-element_type=\"widget\" data-widget_type=\"image.default\">\n\t\t\t\t<div class=\"elementor-widget-container\">\n\t\t\t\t\t\t\t\t\t\t\t\t\t\t\t\t<a href=\"http:\/\/contacto\">\n\t\t\t\t\t\t\t<img fetchpriority=\"high\" decoding=\"async\" width=\"620\" height=\"458\" src=\"https:\/\/proautopanama.com\/wp-content\/uploads\/2022\/03\/parabrisas-1.jpg\" class=\"attachment-full size-full wp-image-1833\" alt=\"\" srcset=\"https:\/\/proautopanama.com\/wp-content\/uploads\/2022\/03\/parabrisas-1.jpg 620w, https:\/\/proautopanama.com\/wp-content\/uploads\/2022\/03\/parabrisas-1-300x222.jpg 300w, https:\/\/proautopanama.com\/wp-content\/uploads\/2022\/03\/parabrisas-1-219x162.jpg 219w\" sizes=\"(max-width: 620px) 100vw, 620px\" \/>\t\t\t\t\t\t\t\t<\/a>\n\t\t\t\t\t\t\t\t\t\t\t\t\t\t\t<\/div>\n\t\t\t\t<\/div>\n\t\t\t\t<div class=\"elementor-element elementor-element-29ffba47 elementor-widget elementor-widget-heading\" data-id=\"29ffba47\" data-element_type=\"widget\" data-widget_type=\"heading.default\">\n\t\t\t\t<div class=\"elementor-widget-container\">\n\t\t\t\t\t<h3 class=\"elementor-heading-title elementor-size-default\">Parabrisas<\/h3>\t\t\t\t<\/div>\n\t\t\t\t<\/div>\n\t\t\t\t<div class=\"elementor-element elementor-element-38152dd0 elementor-widget elementor-widget-heading\" data-id=\"38152dd0\" data-element_type=\"widget\" data-widget_type=\"heading.default\">\n\t\t\t\t<div class=\"elementor-widget-container\">\n\t\t\t\t\t<p class=\"elementor-heading-title elementor-size-default\">Te ofrecemos PILKINGTON, la marca #1 de Parabrisas en el mundo<\/p>\t\t\t\t<\/div>\n\t\t\t\t<\/div>\n\t\t\t\t\t<\/div>\n\t\t<\/div>\n\t\t\t\t<div class=\"elementor-column elementor-col-33 elementor-inner-column elementor-element elementor-element-6205702d\" data-id=\"6205702d\" data-element_type=\"column\" data-settings=\"{&quot;background_background&quot;:&quot;classic&quot;}\">\n\t\t\t<div class=\"elementor-widget-wrap elementor-element-populated\">\n\t\t\t\t\t\t<div class=\"elementor-element elementor-element-7d89d8fd elementor-widget elementor-widget-image\" data-id=\"7d89d8fd\" data-element_type=\"widget\" data-widget_type=\"image.default\">\n\t\t\t\t<div class=\"elementor-widget-container\">\n\t\t\t\t\t\t\t\t\t\t\t\t\t\t\t<img decoding=\"async\" width=\"620\" height=\"482\" src=\"https:\/\/proautopanama.com\/wp-content\/uploads\/2022\/03\/motores.jpg\" class=\"attachment-full size-full wp-image-1717\" alt=\"[:es]motores[:]\" srcset=\"https:\/\/proautopanama.com\/wp-content\/uploads\/2022\/03\/motores.jpg 620w, https:\/\/proautopanama.com\/wp-content\/uploads\/2022\/03\/motores-300x233.jpg 300w, https:\/\/proautopanama.com\/wp-content\/uploads\/2022\/03\/motores-208x162.jpg 208w\" sizes=\"(max-width: 620px) 100vw, 620px\" \/>\t\t\t\t\t\t\t\t\t\t\t\t\t\t\t<\/div>\n\t\t\t\t<\/div>\n\t\t\t\t<div class=\"elementor-element elementor-element-5209b42e elementor-widget elementor-widget-heading\" data-id=\"5209b42e\" data-element_type=\"widget\" data-widget_type=\"heading.default\">\n\t\t\t\t<div class=\"elementor-widget-container\">\n\t\t\t\t\t<h3 class=\"elementor-heading-title elementor-size-default\">Motores<\/h3>\t\t\t\t<\/div>\n\t\t\t\t<\/div>\n\t\t\t\t<div class=\"elementor-element elementor-element-5aea1fba elementor-widget elementor-widget-heading\" data-id=\"5aea1fba\" data-element_type=\"widget\" data-widget_type=\"heading.default\">\n\t\t\t\t<div class=\"elementor-widget-container\">\n\t\t\t\t\t<p class=\"elementor-heading-title elementor-size-default\">Anillos, empaques, casquillos, v\u00e1lvulas, cadenas, buzos, bombas de agua, bombas de gasolina, correas y m\u00e1s<\/p>\t\t\t\t<\/div>\n\t\t\t\t<\/div>\n\t\t\t\t\t<\/div>\n\t\t<\/div>\n\t\t\t\t<div class=\"elementor-column elementor-col-33 elementor-inner-column elementor-element elementor-element-71dca5e1\" data-id=\"71dca5e1\" data-element_type=\"column\" data-settings=\"{&quot;background_background&quot;:&quot;classic&quot;}\">\n\t\t\t<div class=\"elementor-widget-wrap elementor-element-populated\">\n\t\t\t\t\t\t<div class=\"elementor-element elementor-element-73525782 elementor-widget elementor-widget-image\" data-id=\"73525782\" data-element_type=\"widget\" data-widget_type=\"image.default\">\n\t\t\t\t<div class=\"elementor-widget-container\">\n\t\t\t\t\t\t\t\t\t\t\t\t\t\t\t<img decoding=\"async\" width=\"620\" height=\"482\" src=\"https:\/\/proautopanama.com\/wp-content\/uploads\/2022\/03\/electricos.jpg\" class=\"attachment-full size-full wp-image-1718\" alt=\"\" srcset=\"https:\/\/proautopanama.com\/wp-content\/uploads\/2022\/03\/electricos.jpg 620w, https:\/\/proautopanama.com\/wp-content\/uploads\/2022\/03\/electricos-300x233.jpg 300w, https:\/\/proautopanama.com\/wp-content\/uploads\/2022\/03\/electricos-208x162.jpg 208w\" sizes=\"(max-width: 620px) 100vw, 620px\" \/>\t\t\t\t\t\t\t\t\t\t\t\t\t\t\t<\/div>\n\t\t\t\t<\/div>\n\t\t\t\t<div class=\"elementor-element elementor-element-c734c6f elementor-widget elementor-widget-heading\" data-id=\"c734c6f\" data-element_type=\"widget\" data-widget_type=\"heading.default\">\n\t\t\t\t<div class=\"elementor-widget-container\">\n\t\t\t\t\t<h3 class=\"elementor-heading-title elementor-size-default\">El\u00e9ctricos<\/h3>\t\t\t\t<\/div>\n\t\t\t\t<\/div>\n\t\t\t\t<div class=\"elementor-element elementor-element-11eb7ff9 elementor-widget elementor-widget-heading\" data-id=\"11eb7ff9\" data-element_type=\"widget\" data-widget_type=\"heading.default\">\n\t\t\t\t<div class=\"elementor-widget-container\">\n\t\t\t\t\t<p class=\"elementor-heading-title elementor-size-default\">\u00bfBuscas buj\u00edas, planitos, coil, sensores, selenoides, o quiz\u00e1s m\u00f3dulos? \u00a1Los tenemos todos!<\/p>\t\t\t\t<\/div>\n\t\t\t\t<\/div>\n\t\t\t\t\t<\/div>\n\t\t<\/div>\n\t\t\t\t\t<\/div>\n\t\t<\/section>\n\t\t\t\t<section class=\"elementor-section elementor-inner-section elementor-element elementor-element-e21b923 elementor-section-content-top elementor-section-boxed elementor-section-height-default elementor-section-height-default\" data-id=\"e21b923\" data-element_type=\"section\">\n\t\t\t\t\t\t<div class=\"elementor-container elementor-column-gap-extended\">\n\t\t\t\t\t<div class=\"elementor-column elementor-col-33 elementor-inner-column elementor-element elementor-element-5368c32b\" data-id=\"5368c32b\" data-element_type=\"column\" data-settings=\"{&quot;background_background&quot;:&quot;classic&quot;}\">\n\t\t\t<div class=\"elementor-widget-wrap elementor-element-populated\">\n\t\t\t\t\t\t<div class=\"elementor-element elementor-element-2429953e elementor-widget elementor-widget-image\" data-id=\"2429953e\" data-element_type=\"widget\" data-widget_type=\"image.default\">\n\t\t\t\t<div class=\"elementor-widget-container\">\n\t\t\t\t\t\t\t\t\t\t\t\t\t\t\t<img loading=\"lazy\" decoding=\"async\" width=\"300\" height=\"233\" src=\"https:\/\/proautopanama.com\/wp-content\/uploads\/2022\/03\/suspension-300x233.jpg\" class=\"attachment-medium size-medium wp-image-1697\" alt=\"\" srcset=\"https:\/\/proautopanama.com\/wp-content\/uploads\/2022\/03\/suspension-300x233.jpg 300w, https:\/\/proautopanama.com\/wp-content\/uploads\/2022\/03\/suspension-208x162.jpg 208w, https:\/\/proautopanama.com\/wp-content\/uploads\/2022\/03\/suspension.jpg 620w\" sizes=\"(max-width: 300px) 100vw, 300px\" \/>\t\t\t\t\t\t\t\t\t\t\t\t\t\t\t<\/div>\n\t\t\t\t<\/div>\n\t\t\t\t<div class=\"elementor-element elementor-element-4b0fc7fb elementor-widget elementor-widget-heading\" data-id=\"4b0fc7fb\" data-element_type=\"widget\" data-widget_type=\"heading.default\">\n\t\t\t\t<div class=\"elementor-widget-container\">\n\t\t\t\t\t<h3 class=\"elementor-heading-title elementor-size-default\">Suspensi\u00f3n<\/h3>\t\t\t\t<\/div>\n\t\t\t\t<\/div>\n\t\t\t\t<div class=\"elementor-element elementor-element-5434fa41 elementor-widget elementor-widget-heading\" data-id=\"5434fa41\" data-element_type=\"widget\" data-widget_type=\"heading.default\">\n\t\t\t\t<div class=\"elementor-widget-container\">\n\t\t\t\t\t<p class=\"elementor-heading-title elementor-size-default\">Contamos con Amortiguadores, Brazos, bushing, bolas y dem\u00e1s piezas para la suspensi\u00f3n de tu auto<\/p>\t\t\t\t<\/div>\n\t\t\t\t<\/div>\n\t\t\t\t\t<\/div>\n\t\t<\/div>\n\t\t\t\t<div class=\"elementor-column elementor-col-33 elementor-inner-column elementor-element elementor-element-177eead\" data-id=\"177eead\" data-element_type=\"column\" data-settings=\"{&quot;background_background&quot;:&quot;classic&quot;}\">\n\t\t\t<div class=\"elementor-widget-wrap elementor-element-populated\">\n\t\t\t\t\t\t<div class=\"elementor-element elementor-element-25490206 elementor-widget elementor-widget-image\" data-id=\"25490206\" data-element_type=\"widget\" data-widget_type=\"image.default\">\n\t\t\t\t<div class=\"elementor-widget-container\">\n\t\t\t\t\t\t\t\t\t\t\t\t\t\t\t<img loading=\"lazy\" decoding=\"async\" width=\"620\" height=\"482\" src=\"https:\/\/proautopanama.com\/wp-content\/uploads\/2022\/03\/direccion-1.jpg\" class=\"attachment-full size-full wp-image-1700\" alt=\"\" srcset=\"https:\/\/proautopanama.com\/wp-content\/uploads\/2022\/03\/direccion-1.jpg 620w, https:\/\/proautopanama.com\/wp-content\/uploads\/2022\/03\/direccion-1-300x233.jpg 300w, https:\/\/proautopanama.com\/wp-content\/uploads\/2022\/03\/direccion-1-208x162.jpg 208w\" sizes=\"(max-width: 620px) 100vw, 620px\" \/>\t\t\t\t\t\t\t\t\t\t\t\t\t\t\t<\/div>\n\t\t\t\t<\/div>\n\t\t\t\t<div class=\"elementor-element elementor-element-5087c0bc elementor-widget elementor-widget-heading\" data-id=\"5087c0bc\" data-element_type=\"widget\" data-widget_type=\"heading.default\">\n\t\t\t\t<div class=\"elementor-widget-container\">\n\t\t\t\t\t<h3 class=\"elementor-heading-title elementor-size-default\">Direcci\u00f3n<\/h3>\t\t\t\t<\/div>\n\t\t\t\t<\/div>\n\t\t\t\t<div class=\"elementor-element elementor-element-3751f402 elementor-widget elementor-widget-heading\" data-id=\"3751f402\" data-element_type=\"widget\" data-widget_type=\"heading.default\">\n\t\t\t\t<div class=\"elementor-widget-container\">\n\t\t\t\t\t<p class=\"elementor-heading-title elementor-size-default\">Link Kits, Brazo Pitman, Bushing, Barra Estabilizadora, Tercer Brazo<\/p>\t\t\t\t<\/div>\n\t\t\t\t<\/div>\n\t\t\t\t\t<\/div>\n\t\t<\/div>\n\t\t\t\t<div class=\"elementor-column elementor-col-33 elementor-inner-column elementor-element elementor-element-b531dbf\" data-id=\"b531dbf\" data-element_type=\"column\" data-settings=\"{&quot;background_background&quot;:&quot;classic&quot;}\">\n\t\t\t<div class=\"elementor-widget-wrap elementor-element-populated\">\n\t\t\t\t\t\t<div class=\"elementor-element elementor-element-09915d6 elementor-widget elementor-widget-image\" data-id=\"09915d6\" data-element_type=\"widget\" data-widget_type=\"image.default\">\n\t\t\t\t<div class=\"elementor-widget-container\">\n\t\t\t\t\t\t\t\t\t\t\t\t\t\t\t<img loading=\"lazy\" decoding=\"async\" width=\"620\" height=\"482\" src=\"https:\/\/proautopanama.com\/wp-content\/uploads\/2022\/03\/balineras.jpg\" class=\"attachment-full size-full wp-image-1727\" alt=\"[:es]balineras[:]\" srcset=\"https:\/\/proautopanama.com\/wp-content\/uploads\/2022\/03\/balineras.jpg 620w, https:\/\/proautopanama.com\/wp-content\/uploads\/2022\/03\/balineras-300x233.jpg 300w, https:\/\/proautopanama.com\/wp-content\/uploads\/2022\/03\/balineras-208x162.jpg 208w\" sizes=\"(max-width: 620px) 100vw, 620px\" \/>\t\t\t\t\t\t\t\t\t\t\t\t\t\t\t<\/div>\n\t\t\t\t<\/div>\n\t\t\t\t<div class=\"elementor-element elementor-element-6b7ca9a elementor-widget elementor-widget-heading\" data-id=\"6b7ca9a\" data-element_type=\"widget\" data-widget_type=\"heading.default\">\n\t\t\t\t<div class=\"elementor-widget-container\">\n\t\t\t\t\t<h3 class=\"elementor-heading-title elementor-size-default\">Balineras<\/h3>\t\t\t\t<\/div>\n\t\t\t\t<\/div>\n\t\t\t\t<div class=\"elementor-element elementor-element-d7dc436 elementor-widget elementor-widget-heading\" data-id=\"d7dc436\" data-element_type=\"widget\" data-widget_type=\"heading.default\">\n\t\t\t\t<div class=\"elementor-widget-container\">\n\t\t\t\t\t<p class=\"elementor-heading-title elementor-size-default\">Balineras de rueda, balineras de clutch, tensores<\/p>\t\t\t\t<\/div>\n\t\t\t\t<\/div>\n\t\t\t\t\t<\/div>\n\t\t<\/div>\n\t\t\t\t\t<\/div>\n\t\t<\/section>\n\t\t\t\t<section class=\"elementor-section elementor-inner-section elementor-element elementor-element-e0a0fd9 elementor-section-content-top elementor-section-boxed elementor-section-height-default elementor-section-height-default\" data-id=\"e0a0fd9\" data-element_type=\"section\">\n\t\t\t\t\t\t<div class=\"elementor-container elementor-column-gap-extended\">\n\t\t\t\t\t<div class=\"elementor-column elementor-col-33 elementor-inner-column elementor-element elementor-element-a47039b\" data-id=\"a47039b\" data-element_type=\"column\" data-settings=\"{&quot;background_background&quot;:&quot;classic&quot;}\">\n\t\t\t<div class=\"elementor-widget-wrap elementor-element-populated\">\n\t\t\t\t\t\t<div class=\"elementor-element elementor-element-4ab6fc1 elementor-widget elementor-widget-image\" data-id=\"4ab6fc1\" data-element_type=\"widget\" data-widget_type=\"image.default\">\n\t\t\t\t<div class=\"elementor-widget-container\">\n\t\t\t\t\t\t\t\t\t\t\t\t\t\t\t<img loading=\"lazy\" decoding=\"async\" width=\"620\" height=\"482\" src=\"https:\/\/proautopanama.com\/wp-content\/uploads\/2022\/03\/filtros.jpg\" class=\"attachment-full size-full wp-image-1732\" alt=\"[:es]filtros[:]\" srcset=\"https:\/\/proautopanama.com\/wp-content\/uploads\/2022\/03\/filtros.jpg 620w, https:\/\/proautopanama.com\/wp-content\/uploads\/2022\/03\/filtros-300x233.jpg 300w, https:\/\/proautopanama.com\/wp-content\/uploads\/2022\/03\/filtros-208x162.jpg 208w\" sizes=\"(max-width: 620px) 100vw, 620px\" \/>\t\t\t\t\t\t\t\t\t\t\t\t\t\t\t<\/div>\n\t\t\t\t<\/div>\n\t\t\t\t<div class=\"elementor-element elementor-element-44948d5 elementor-widget elementor-widget-heading\" data-id=\"44948d5\" data-element_type=\"widget\" data-widget_type=\"heading.default\">\n\t\t\t\t<div class=\"elementor-widget-container\">\n\t\t\t\t\t<h3 class=\"elementor-heading-title elementor-size-default\">Filtros y Aditivos<\/h3>\t\t\t\t<\/div>\n\t\t\t\t<\/div>\n\t\t\t\t<div class=\"elementor-element elementor-element-0d3ad00 elementor-widget elementor-widget-heading\" data-id=\"0d3ad00\" data-element_type=\"widget\" data-widget_type=\"heading.default\">\n\t\t\t\t<div class=\"elementor-widget-container\">\n\t\t\t\t\t<p class=\"elementor-heading-title elementor-size-default\">Filtros de aceite, filtros de aire, filtros de gasolina, filtros de transmisi\u00f3n, aceite de motor, penetrantes y lubricantes<\/p>\t\t\t\t<\/div>\n\t\t\t\t<\/div>\n\t\t\t\t\t<\/div>\n\t\t<\/div>\n\t\t\t\t<div class=\"elementor-column elementor-col-33 elementor-inner-column elementor-element elementor-element-4a1e45f9\" data-id=\"4a1e45f9\" data-element_type=\"column\" data-settings=\"{&quot;background_background&quot;:&quot;classic&quot;}\">\n\t\t\t<div class=\"elementor-widget-wrap elementor-element-populated\">\n\t\t\t\t\t\t<div class=\"elementor-element elementor-element-b6febfe elementor-widget elementor-widget-image\" data-id=\"b6febfe\" data-element_type=\"widget\" data-widget_type=\"image.default\">\n\t\t\t\t<div class=\"elementor-widget-container\">\n\t\t\t\t\t\t\t\t\t\t\t\t\t\t\t<img loading=\"lazy\" decoding=\"async\" width=\"620\" height=\"482\" src=\"https:\/\/proautopanama.com\/wp-content\/uploads\/2022\/03\/frenos-1.jpg\" class=\"attachment-full size-full wp-image-1734\" alt=\"\" srcset=\"https:\/\/proautopanama.com\/wp-content\/uploads\/2022\/03\/frenos-1.jpg 620w, https:\/\/proautopanama.com\/wp-content\/uploads\/2022\/03\/frenos-1-300x233.jpg 300w, https:\/\/proautopanama.com\/wp-content\/uploads\/2022\/03\/frenos-1-208x162.jpg 208w\" sizes=\"(max-width: 620px) 100vw, 620px\" \/>\t\t\t\t\t\t\t\t\t\t\t\t\t\t\t<\/div>\n\t\t\t\t<\/div>\n\t\t\t\t<div class=\"elementor-element elementor-element-2c8dea5a elementor-widget elementor-widget-heading\" data-id=\"2c8dea5a\" data-element_type=\"widget\" data-widget_type=\"heading.default\">\n\t\t\t\t<div class=\"elementor-widget-container\">\n\t\t\t\t\t<h3 class=\"elementor-heading-title elementor-size-default\">Frenos<\/h3>\t\t\t\t<\/div>\n\t\t\t\t<\/div>\n\t\t\t\t<div class=\"elementor-element elementor-element-6ad58e6e elementor-widget elementor-widget-heading\" data-id=\"6ad58e6e\" data-element_type=\"widget\" data-widget_type=\"heading.default\">\n\t\t\t\t<div class=\"elementor-widget-container\">\n\t\t\t\t\t<p class=\"elementor-heading-title elementor-size-default\">Tacos, zapatas, cilindros de rueda, m\u00e1ster de freno, kit de m\u00e1ster de freno<\/p>\t\t\t\t<\/div>\n\t\t\t\t<\/div>\n\t\t\t\t\t<\/div>\n\t\t<\/div>\n\t\t\t\t<div class=\"elementor-column elementor-col-33 elementor-inner-column elementor-element elementor-element-025ce37\" data-id=\"025ce37\" data-element_type=\"column\" data-settings=\"{&quot;background_background&quot;:&quot;classic&quot;}\">\n\t\t\t<div class=\"elementor-widget-wrap elementor-element-populated\">\n\t\t\t\t\t\t<div class=\"elementor-element elementor-element-ef7bb27 elementor-widget elementor-widget-image\" data-id=\"ef7bb27\" data-element_type=\"widget\" data-widget_type=\"image.default\">\n\t\t\t\t<div class=\"elementor-widget-container\">\n\t\t\t\t\t\t\t\t\t\t\t\t\t\t\t<img loading=\"lazy\" decoding=\"async\" width=\"620\" height=\"482\" src=\"https:\/\/proautopanama.com\/wp-content\/uploads\/2022\/03\/correas.jpg\" class=\"attachment-full size-full wp-image-1733\" alt=\"\" srcset=\"https:\/\/proautopanama.com\/wp-content\/uploads\/2022\/03\/correas.jpg 620w, https:\/\/proautopanama.com\/wp-content\/uploads\/2022\/03\/correas-300x233.jpg 300w, https:\/\/proautopanama.com\/wp-content\/uploads\/2022\/03\/correas-208x162.jpg 208w\" sizes=\"(max-width: 620px) 100vw, 620px\" \/>\t\t\t\t\t\t\t\t\t\t\t\t\t\t\t<\/div>\n\t\t\t\t<\/div>\n\t\t\t\t<div class=\"elementor-element elementor-element-adbd168 elementor-widget elementor-widget-heading\" data-id=\"adbd168\" data-element_type=\"widget\" data-widget_type=\"heading.default\">\n\t\t\t\t<div class=\"elementor-widget-container\">\n\t\t\t\t\t<h3 class=\"elementor-heading-title elementor-size-default\">Correas<\/h3>\t\t\t\t<\/div>\n\t\t\t\t<\/div>\n\t\t\t\t<div class=\"elementor-element elementor-element-a8b741d elementor-widget elementor-widget-heading\" data-id=\"a8b741d\" data-element_type=\"widget\" data-widget_type=\"heading.default\">\n\t\t\t\t<div class=\"elementor-widget-container\">\n\t\t\t\t\t<p class=\"elementor-heading-title elementor-size-default\">Correas de tiempo, correas de motor<\/p>\t\t\t\t<\/div>\n\t\t\t\t<\/div>\n\t\t\t\t\t<\/div>\n\t\t<\/div>\n\t\t\t\t\t<\/div>\n\t\t<\/section>\n\t\t\t\t\t<\/div>\n\t\t<\/div>\n\t\t\t\t\t<\/div>\n\t\t<\/section>\n\t\t\t\t<section class=\"elementor-section elementor-top-section elementor-element elementor-element-18ba24f elementor-section-boxed elementor-section-height-default elementor-section-height-default\" data-id=\"18ba24f\" data-element_type=\"section\">\n\t\t\t\t\t\t<div class=\"elementor-container elementor-column-gap-default\">\n\t\t\t\t\t<div class=\"elementor-column elementor-col-100 elementor-top-column elementor-element elementor-element-b7f1325\" data-id=\"b7f1325\" data-element_type=\"column\">\n\t\t\t<div class=\"elementor-widget-wrap\">\n\t\t\t\t\t\t\t<\/div>\n\t\t<\/div>\n\t\t\t\t\t<\/div>\n\t\t<\/section>\n\t\t\t\t<\/div>\n\t\t","protected":false},"excerpt":{"rendered":"<p>[:en] Productos En ProAuto contamos con un inventario extenso de piezas y repuestos para tu auto Parabrisas Te ofrecemos PILKINGTON,<\/p>\n<div class=\"read-button read_more_btn_text\"><a class=\"read_more\" href=\"https:\/\/proautopanama.com\/es_es\/productos\/\">Read Now<span class=\"arrow_readm\"> &#x25BA;<\/span><\/a><\/div>\n","protected":false},"author":1,"featured_media":0,"parent":0,"menu_order":0,"comment_status":"closed","ping_status":"closed","template":"elementor_header_footer","meta":{"footnotes":""},"class_list":["post-572","page","type-page","status-publish","hentry"],"_links":{"self":[{"href":"https:\/\/proautopanama.com\/es_es\/wp-json\/wp\/v2\/pages\/572","targetHints":{"allow":["GET"]}}],"collection":[{"href":"https:\/\/proautopanama.com\/es_es\/wp-json\/wp\/v2\/pages"}],"about":[{"href":"https:\/\/proautopanama.com\/es_es\/wp-json\/wp\/v2\/types\/page"}],"author":[{"embeddable":true,"href":"https:\/\/proautopanama.com\/es_es\/wp-json\/wp\/v2\/users\/1"}],"replies":[{"embeddable":true,"href":"https:\/\/proautopanama.com\/es_es\/wp-json\/wp\/v2\/comments?post=572"}],"version-history":[{"count":40,"href":"https:\/\/proautopanama.com\/es_es\/wp-json\/wp\/v2\/pages\/572\/revisions"}],"predecessor-version":[{"id":1878,"href":"https:\/\/proautopanama.com\/es_es\/wp-json\/wp\/v2\/pages\/572\/revisions\/1878"}],"wp:attachment":[{"href":"https:\/\/proautopanama.com\/es_es\/wp-json\/wp\/v2\/media?parent=572"}],"curies":[{"name":"wp","href":"https:\/\/api.w.org\/{rel}","templated":true}]}}